{"id":13,"date":"2012-10-26T15:18:22","date_gmt":"2012-10-26T15:18:22","guid":{"rendered":"http:\/\/themichaelgarcia.com\/white-rock\/?page_id=13"},"modified":"2017-02-15T09:56:47","modified_gmt":"2017-02-15T07:56:47","slug":"team","status":"publish","type":"page","link":"https:\/\/www.mehlkammer.de\/mehlkammer\/team\/","title":{"rendered":"Team"},"content":{"rendered":"<p><hr class=\"progression-hr\"><\/hr><div class=\"grid2column\"><\/p>\n<p><img loading=\"lazy\" class=\"alignleft size-full wp-image-591\" src=\"https:\/\/www.mehlkammer.de\/mehlkammer\/wp-content\/uploads\/2012\/10\/hogrefe_inhaber.png\" alt=\"hogrefe_inhaber\" width=\"650\" height=\"350\" srcset=\"https:\/\/www.mehlkammer.de\/mehlkammer\/wp-content\/uploads\/2012\/10\/hogrefe_inhaber.png 650w, https:\/\/www.mehlkammer.de\/mehlkammer\/wp-content\/uploads\/2012\/10\/hogrefe_inhaber-300x161.png 300w\" sizes=\"(max-width: 650px) 100vw, 650px\" \/><\/p>\n<p><\/div><div class=\"grid2column lastcolumn\"><\/p>\n<h2><strong><span style=\"color: #bf0c10;\">Familie Hogrefe &#8211; Inhaber<\/span><br \/>\n<\/strong><\/h2>\n<h4>&#8222;Mit Herz und Seele dabei.&#8220;<\/h4>\n<hr class=\"progression-hr\"><\/hr>\n<p>Seit Generationen betreibt die Familie Hogrefe mit Leidenschaft den hofeigenen Anbau. S\u00fc\u00dfe Fr\u00fcchte und frischer Spargel geh\u00f6ren zu den jetztigen eigenen Produkten. Diese l\u00e4ndlichen Spezialit\u00e4ten werden in hauseigenen Gerichten lecker zubereitet.<\/p>\n<p>Ilse,\u00a0Conrad Senior und Junior Hogrefe stehen f\u00fcr Tradition und Qualit\u00e4t, die man nicht nur an der Liebe zum Detail in der Mehlkammer wiederfindet, sondern auch in den raffinierten Speisen.<\/p>\n<p><\/div><div class=\"clearfix\"><\/div><\/p>\n<hr class=\"progression-hr\"><\/hr>\n<div class=\"grid2column\">\n<h2><strong><span style=\"color: #b61f25;\">Petra Bethke &#8211; Servicekraft<\/span><br \/>\n<\/strong><\/h2>\n<h4>&#8222;Das Wohlf\u00fchlen der G\u00e4ste hat oberste Priorit\u00e4t.&#8220;<\/h4>\n<hr class=\"progression-hr\"><\/hr>\n<p>Das sch\u00f6ne Eickeloh ist ihr Heimatort. Die abgeschlossene Ausbildung zur Hotelfachfrau, die sie im Harz absolviert hat, und die gesammelte Berufserfahrung im Service-Bereich, die sie durch das Arbeiten in zahlreichen Lokalen erlernt hat, betonen den gekonnten Umgang mit ihren G\u00e4sten.<\/p>\n<p>Petra Bethke k\u00fcmmert sich voller Leidenschaft um ihre G\u00e4ste. Ihr fr\u00f6hliches Auftreten schenkt den G\u00e4sten ein Gef\u00fchl der Geborgenheit.<\/p>\n<p><\/div><div class=\"grid2column lastcolumn\"><img loading=\"lazy\" src=\"https:\/\/www.mehlkammer.de\/mehlkammer\/wp-content\/uploads\/2012\/10\/petra_bethke_service.png\" alt=\"christiane_salzmann_service\" width=\"650\" height=\"350\" \/><\/div><div class=\"clearfix\"><\/div><\/p>\n<hr class=\"progression-hr\"><\/hr>\n<p><div class=\"grid2column\"><img loading=\"lazy\" src=\"https:\/\/www.mehlkammer.de\/mehlkammer\/wp-content\/uploads\/2012\/10\/christiane_salzmann_service.png\" alt=\"brigitte-kolodziej_floristin\" width=\"650\" height=\"350\" \/><\/div><div class=\"grid2column lastcolumn\"><\/p>\n<h2><strong><span style=\"color: #bb2427;\">Christiane Salzmann &#8211; Servicekraft<\/span><br \/>\n<\/strong><\/h2>\n<h4>&#8222;F\u00fcr mich ist die Mehlkammer ein Ort der Generationen.&#8220;<\/h4>\n<hr class=\"progression-hr\"><\/hr>\n<p>Geb\u00fcrtig kommt Christiane Salzmann aus Ahlden. Sie hat die Ausbildung zur Restaurantfachfrau abgeschlossen und in verschiedenen Restaurants zahlreiche Erfahrungen in der Gastronomie gesammelt.<\/p>\n<p>Durch ihre charmante Ausstrahlung gl\u00e4nzt sie in der Mehlkammer und zaubert ihren G\u00e4sten durch ihre Freundlichkeit ein L\u00e4cheln ins Gesicht.<\/p>\n<p>&nbsp;<\/p>\n<p><\/div><div class=\"clearfix\"><\/div><\/p>\n<hr class=\"progression-hr\"><\/hr>\n","protected":false},"excerpt":{"rendered":"","protected":false},"author":4,"featured_media":1005,"parent":0,"menu_order":0,"comment_status":"open","ping_status":"open","template":"","meta":[],"yoast_head":"<!-- This site is optimized with the Yoast SEO plugin v20.0 - https:\/\/yoast.com\/wordpress\/plugins\/seo\/ -->\n<title>Team - Die Mehlkammer<\/title>\n<meta name=\"description\" content=\"Das Team der Mehlkammer - Hofcaf\u00e9 &amp; Restaurant besteht aus einem geschulten Team, das sich mit Leidenschaft um das Wohlergehen der G\u00e4ste k\u00fcmmert.\" \/>\n<meta name=\"robots\" content=\"index, follow, max-snippet:-1, max-image-preview:large, max-video-preview:-1\" \/>\n<link rel=\"canonical\" href=\"https:\/\/www.mehlkammer.de\/mehlkammer\/team\/\" \/>\n<meta property=\"og:locale\" content=\"de_DE\" \/>\n<meta property=\"og:type\" content=\"article\" \/>\n<meta property=\"og:title\" content=\"Team - Die Mehlkammer\" \/>\n<meta property=\"og:description\" content=\"Das Team der Mehlkammer - Hofcaf\u00e9 &amp; Restaurant besteht aus einem geschulten Team, das sich mit Leidenschaft um das Wohlergehen der G\u00e4ste k\u00fcmmert.\" \/>\n<meta property=\"og:url\" content=\"https:\/\/www.mehlkammer.de\/mehlkammer\/team\/\" \/>\n<meta property=\"article:modified_time\" content=\"2017-02-15T07:56:47+00:00\" \/>\n<meta property=\"og:image\" content=\"https:\/\/www.mehlkammer.de\/mehlkammer\/wp-content\/uploads\/2015\/02\/mitarbeiter_banner1.jpg\" \/>\n\t<meta property=\"og:image:width\" content=\"2000\" \/>\n\t<meta property=\"og:image:height\" content=\"925\" \/>\n\t<meta property=\"og:image:type\" content=\"image\/jpeg\" \/>\n<meta name=\"twitter:label1\" content=\"Gesch\u00e4tzte Lesezeit\" \/>\n\t<meta name=\"twitter:data1\" content=\"1\u00a0Minute\" \/>\n<script type=\"application\/ld+json\" class=\"yoast-schema-graph\">{\"@context\":\"https:\/\/schema.org\",\"@graph\":[{\"@type\":\"WebPage\",\"@id\":\"https:\/\/www.mehlkammer.de\/mehlkammer\/team\/\",\"url\":\"https:\/\/www.mehlkammer.de\/mehlkammer\/team\/\",\"name\":\"Team - Die Mehlkammer\",\"isPartOf\":{\"@id\":\"https:\/\/www.mehlkammer.de\/mehlkammer\/#website\"},\"datePublished\":\"2012-10-26T15:18:22+00:00\",\"dateModified\":\"2017-02-15T07:56:47+00:00\",\"description\":\"Das Team der Mehlkammer - Hofcaf\u00e9 & Restaurant besteht aus einem geschulten Team, das sich mit Leidenschaft um das Wohlergehen der G\u00e4ste k\u00fcmmert.\",\"breadcrumb\":{\"@id\":\"https:\/\/www.mehlkammer.de\/mehlkammer\/team\/#breadcrumb\"},\"inLanguage\":\"de\",\"potentialAction\":[{\"@type\":\"ReadAction\",\"target\":[\"https:\/\/www.mehlkammer.de\/mehlkammer\/team\/\"]}]},{\"@type\":\"BreadcrumbList\",\"@id\":\"https:\/\/www.mehlkammer.de\/mehlkammer\/team\/#breadcrumb\",\"itemListElement\":[{\"@type\":\"ListItem\",\"position\":1,\"name\":\"Home\",\"item\":\"https:\/\/www.mehlkammer.de\/mehlkammer\/\"},{\"@type\":\"ListItem\",\"position\":2,\"name\":\"Team\"}]},{\"@type\":\"WebSite\",\"@id\":\"https:\/\/www.mehlkammer.de\/mehlkammer\/#website\",\"url\":\"https:\/\/www.mehlkammer.de\/mehlkammer\/\",\"name\":\"\",\"description\":\"\",\"potentialAction\":[{\"@type\":\"SearchAction\",\"target\":{\"@type\":\"EntryPoint\",\"urlTemplate\":\"https:\/\/www.mehlkammer.de\/mehlkammer\/?s={search_term_string}\"},\"query-input\":\"required name=search_term_string\"}],\"inLanguage\":\"de\"}]}<\/script>\n<!-- \/ Yoast SEO plugin. -->","yoast_head_json":{"title":"Team - Die Mehlkammer","description":"Das Team der Mehlkammer - Hofcaf\u00e9 & Restaurant besteht aus einem geschulten Team, das sich mit Leidenschaft um das Wohlergehen der G\u00e4ste k\u00fcmmert.","robots":{"index":"index","follow":"follow","max-snippet":"max-snippet:-1","max-image-preview":"max-image-preview:large","max-video-preview":"max-video-preview:-1"},"canonical":"https:\/\/www.mehlkammer.de\/mehlkammer\/team\/","og_locale":"de_DE","og_type":"article","og_title":"Team - Die Mehlkammer","og_description":"Das Team der Mehlkammer - Hofcaf\u00e9 & Restaurant besteht aus einem geschulten Team, das sich mit Leidenschaft um das Wohlergehen der G\u00e4ste k\u00fcmmert.","og_url":"https:\/\/www.mehlkammer.de\/mehlkammer\/team\/","article_modified_time":"2017-02-15T07:56:47+00:00","og_image":[{"width":2000,"height":925,"url":"https:\/\/www.mehlkammer.de\/mehlkammer\/wp-content\/uploads\/2015\/02\/mitarbeiter_banner1.jpg","type":"image\/jpeg"}],"twitter_misc":{"Gesch\u00e4tzte Lesezeit":"1\u00a0Minute"},"schema":{"@context":"https:\/\/schema.org","@graph":[{"@type":"WebPage","@id":"https:\/\/www.mehlkammer.de\/mehlkammer\/team\/","url":"https:\/\/www.mehlkammer.de\/mehlkammer\/team\/","name":"Team - Die Mehlkammer","isPartOf":{"@id":"https:\/\/www.mehlkammer.de\/mehlkammer\/#website"},"datePublished":"2012-10-26T15:18:22+00:00","dateModified":"2017-02-15T07:56:47+00:00","description":"Das Team der Mehlkammer - Hofcaf\u00e9 & Restaurant besteht aus einem geschulten Team, das sich mit Leidenschaft um das Wohlergehen der G\u00e4ste k\u00fcmmert.","breadcrumb":{"@id":"https:\/\/www.mehlkammer.de\/mehlkammer\/team\/#breadcrumb"},"inLanguage":"de","potentialAction":[{"@type":"ReadAction","target":["https:\/\/www.mehlkammer.de\/mehlkammer\/team\/"]}]},{"@type":"BreadcrumbList","@id":"https:\/\/www.mehlkammer.de\/mehlkammer\/team\/#breadcrumb","itemListElement":[{"@type":"ListItem","position":1,"name":"Home","item":"https:\/\/www.mehlkammer.de\/mehlkammer\/"},{"@type":"ListItem","position":2,"name":"Team"}]},{"@type":"WebSite","@id":"https:\/\/www.mehlkammer.de\/mehlkammer\/#website","url":"https:\/\/www.mehlkammer.de\/mehlkammer\/","name":"","description":"","potentialAction":[{"@type":"SearchAction","target":{"@type":"EntryPoint","urlTemplate":"https:\/\/www.mehlkammer.de\/mehlkammer\/?s={search_term_string}"},"query-input":"required name=search_term_string"}],"inLanguage":"de"}]}},"_links":{"self":[{"href":"https:\/\/www.mehlkammer.de\/mehlkammer\/wp-json\/wp\/v2\/pages\/13"}],"collection":[{"href":"https:\/\/www.mehlkammer.de\/mehlkammer\/wp-json\/wp\/v2\/pages"}],"about":[{"href":"https:\/\/www.mehlkammer.de\/mehlkammer\/wp-json\/wp\/v2\/types\/page"}],"author":[{"embeddable":true,"href":"https:\/\/www.mehlkammer.de\/mehlkammer\/wp-json\/wp\/v2\/users\/4"}],"replies":[{"embeddable":true,"href":"https:\/\/www.mehlkammer.de\/mehlkammer\/wp-json\/wp\/v2\/comments?post=13"}],"version-history":[{"count":2,"href":"https:\/\/www.mehlkammer.de\/mehlkammer\/wp-json\/wp\/v2\/pages\/13\/revisions"}],"predecessor-version":[{"id":1384,"href":"https:\/\/www.mehlkammer.de\/mehlkammer\/wp-json\/wp\/v2\/pages\/13\/revisions\/1384"}],"wp:featuredmedia":[{"embeddable":true,"href":"https:\/\/www.mehlkammer.de\/mehlkammer\/wp-json\/wp\/v2\/media\/1005"}],"wp:attachment":[{"href":"https:\/\/www.mehlkammer.de\/mehlkammer\/wp-json\/wp\/v2\/media?parent=13"}],"curies":[{"name":"wp","href":"https:\/\/api.w.org\/{rel}","templated":true}]}}