{"id":184,"date":"2014-02-07T16:11:40","date_gmt":"2014-02-07T14:11:40","guid":{"rendered":"http:\/\/www.mehlkammer.de\/mehlkammer\/?page_id=184"},"modified":"2015-02-02T12:07:00","modified_gmt":"2015-02-02T10:07:00","slug":"festlichkeiten","status":"publish","type":"page","link":"https:\/\/www.mehlkammer.de\/mehlkammer\/festlichkeiten\/","title":{"rendered":"Festlichkeiten"},"content":{"rendered":"<p><div class=\"grid2column\"><img loading=\"lazy\" class=\"alignnone size-full wp-image-301\" alt=\"festlichkeiten2\" src=\"https:\/\/www.mehlkammer.de\/mehlkammer\/wp-content\/uploads\/2014\/02\/festlichkeiten2.png\" width=\"650\" height=\"350\" srcset=\"https:\/\/www.mehlkammer.de\/mehlkammer\/wp-content\/uploads\/2014\/02\/festlichkeiten2.png 650w, https:\/\/www.mehlkammer.de\/mehlkammer\/wp-content\/uploads\/2014\/02\/festlichkeiten2-300x161.png 300w\" sizes=\"(max-width: 650px) 100vw, 650px\" \/><\/div><div class=\"grid2column lastcolumn\"><\/p>\n<h2><strong><span style=\"color: #b81317;\">Feiern in der Mehlkammer<\/span><br \/>\n<\/strong><\/h2>\n<h4>Bis zu 70 Personen finden Platz<\/h4>\n<hr class=\"progression-hr\"><\/hr>\n<p>Es wird barrierefreier Raum f\u00fcr Festlichkeiten aller Art geboten: ob Geburtstage, Hochzeiten, Konfirmationen, Betriebsfeiern etc., in den geschmackvollen R\u00e4umen finden bis zu 70 Personen Platz. Auf Anfrage auch gern mit gesonderter Tanzfl\u00e4che.<\/p>\n<p>Zudem kann bei sch\u00f6nem Wetter nat\u00fcrlich auch die l\u00e4ndliche Terrasse genutzt werden, die f\u00fcr weitere 70 Personen Platz unter den gro\u00dfen Eichen mit einer malerische Aussicht bietet.<\/p>\n<p><span style=\"line-height: 1.714285714; font-size: 1rem;\"><\/div><div class=\"clearfix\"><\/div><\/span><\/p>\n<p><div class=\"grid2column\"><hr class=\"progression-hr\"><\/hr><\/p>\n<h2><span style=\"color: #b81317;\"><strong>Feiern in der Spargelscheune<\/strong><\/span><\/h2>\n<h4>Bis zu 150 Personen<\/h4>\n<hr class=\"progression-hr\"><\/hr>\n<p>In der gro\u00dfen rustikalen Spargelscheune finden bis zu 150 Personen Platz und k\u00f6nnen auch hier zu verschiedenen Anl\u00e4ssen ausgiebig feiern. Im Sommer ist die Spargelscheune beheizt und besticht durch ein\u00a0 besonderes Ambiente.<\/p>\n<p>Die alte Scheune steht f\u00fcr gro\u00dfe Feiern ab Mai bis August zur Verf\u00fcgung.<span style=\"line-height: 1.714285714; font-size: 1rem;\"><\/div><div class=\"grid2column lastcolumn\"><\/span><\/p>\n<p><img loading=\"lazy\" class=\"alignnone size-full wp-image-303\" alt=\"festlichkeiten3\" src=\"https:\/\/www.mehlkammer.de\/mehlkammer\/wp-content\/uploads\/2014\/02\/festlichkeiten3.png\" width=\"2086\" height=\"1001\" srcset=\"https:\/\/www.mehlkammer.de\/mehlkammer\/wp-content\/uploads\/2014\/02\/festlichkeiten3.png 2086w, https:\/\/www.mehlkammer.de\/mehlkammer\/wp-content\/uploads\/2014\/02\/festlichkeiten3-300x143.png 300w, https:\/\/www.mehlkammer.de\/mehlkammer\/wp-content\/uploads\/2014\/02\/festlichkeiten3-1024x491.png 1024w, https:\/\/www.mehlkammer.de\/mehlkammer\/wp-content\/uploads\/2014\/02\/festlichkeiten3-1140x547.png 1140w\" sizes=\"(max-width: 2086px) 100vw, 2086px\" \/><\/div><div class=\"clearfix\"><\/div><\/p>\n<hr class=\"progression-hr\"><\/hr>\n<p><div class=\"grid2column\"><img loading=\"lazy\" class=\"alignleft size-full wp-image-686\" alt=\"festlichkeiten_besteck\" src=\"https:\/\/www.mehlkammer.de\/mehlkammer\/wp-content\/uploads\/2014\/02\/festlichkeiten_besteck.png\" width=\"650\" height=\"350\" srcset=\"https:\/\/www.mehlkammer.de\/mehlkammer\/wp-content\/uploads\/2014\/02\/festlichkeiten_besteck.png 650w, https:\/\/www.mehlkammer.de\/mehlkammer\/wp-content\/uploads\/2014\/02\/festlichkeiten_besteck-300x161.png 300w\" sizes=\"(max-width: 650px) 100vw, 650px\" \/><\/div><div class=\"grid2column lastcolumn\"><\/p>\n<h2><span style=\"color: #b81317;\"><strong>Feierlichkeiten f\u00fcr Gesellschaften<\/strong><\/span><\/h2>\n<h4>Betriebsfeiern und weitere Veranstaltungen<\/h4>\n<hr class=\"progression-hr\"><\/hr>\n<p>Buffets, Gr\u00fcnkohlessen oder in gem\u00fctlicher Atmosph\u00e4re einfach einen frischen Erdbeercocktail schl\u00fcrfen. Die R\u00e4umlichkeiten der Mehlkammer und Spargelscheune stehen f\u00fcr individuelle Feiern parat und das Team des Hofcaf\u00e9s und Restaurants beschert eine unvergessliche Feier.<\/p>\n<p>Die Mehlkammer wird zu jeder Jahreszeit liebevoll dekoriert und die Tischgestaltungen sind zu jeder Festlichkeit individuell hergerichtet.<span style=\"line-height: 1.714285714; font-size: 1rem;\"><\/div><div class=\"clearfix\"><\/div><\/span><\/p>\n","protected":false},"excerpt":{"rendered":"","protected":false},"author":4,"featured_media":1007,"parent":0,"menu_order":0,"comment_status":"open","ping_status":"open","template":"","meta":[],"yoast_head":"<!-- This site is optimized with the Yoast SEO plugin v20.0 - https:\/\/yoast.com\/wordpress\/plugins\/seo\/ -->\n<title>Festlichkeiten - Die Mehlkammer<\/title>\n<meta name=\"description\" content=\"Festlichkeiten aller Art geboten: in den geschmackvollen R\u00e4umen der Mehlkammer - Hofcaf\u00e9 und Restaurant finden bis zu 70 Personen Platz.\" \/>\n<meta name=\"robots\" content=\"index, follow, max-snippet:-1, max-image-preview:large, max-video-preview:-1\" \/>\n<link rel=\"canonical\" href=\"https:\/\/www.mehlkammer.de\/mehlkammer\/festlichkeiten\/\" \/>\n<meta property=\"og:locale\" content=\"de_DE\" \/>\n<meta property=\"og:type\" content=\"article\" \/>\n<meta property=\"og:title\" content=\"Festlichkeiten - Die Mehlkammer\" \/>\n<meta property=\"og:description\" content=\"Festlichkeiten aller Art geboten: in den geschmackvollen R\u00e4umen der Mehlkammer - Hofcaf\u00e9 und Restaurant finden bis zu 70 Personen Platz.\" \/>\n<meta property=\"og:url\" content=\"https:\/\/www.mehlkammer.de\/mehlkammer\/festlichkeiten\/\" \/>\n<meta property=\"article:modified_time\" content=\"2015-02-02T10:07:00+00:00\" \/>\n<meta property=\"og:image\" content=\"https:\/\/www.mehlkammer.de\/mehlkammer\/wp-content\/uploads\/2015\/02\/slider_food1.jpg\" \/>\n\t<meta property=\"og:image:width\" content=\"2000\" \/>\n\t<meta property=\"og:image:height\" content=\"925\" \/>\n\t<meta property=\"og:image:type\" content=\"image\/jpeg\" \/>\n<meta name=\"twitter:label1\" content=\"Gesch\u00e4tzte Lesezeit\" \/>\n\t<meta name=\"twitter:data1\" content=\"1\u00a0Minute\" \/>\n<script type=\"application\/ld+json\" class=\"yoast-schema-graph\">{\"@context\":\"https:\/\/schema.org\",\"@graph\":[{\"@type\":\"WebPage\",\"@id\":\"https:\/\/www.mehlkammer.de\/mehlkammer\/festlichkeiten\/\",\"url\":\"https:\/\/www.mehlkammer.de\/mehlkammer\/festlichkeiten\/\",\"name\":\"Festlichkeiten - Die Mehlkammer\",\"isPartOf\":{\"@id\":\"https:\/\/www.mehlkammer.de\/mehlkammer\/#website\"},\"datePublished\":\"2014-02-07T14:11:40+00:00\",\"dateModified\":\"2015-02-02T10:07:00+00:00\",\"description\":\"Festlichkeiten aller Art geboten: in den geschmackvollen R\u00e4umen der Mehlkammer - Hofcaf\u00e9 und Restaurant finden bis zu 70 Personen Platz.\",\"breadcrumb\":{\"@id\":\"https:\/\/www.mehlkammer.de\/mehlkammer\/festlichkeiten\/#breadcrumb\"},\"inLanguage\":\"de\",\"potentialAction\":[{\"@type\":\"ReadAction\",\"target\":[\"https:\/\/www.mehlkammer.de\/mehlkammer\/festlichkeiten\/\"]}]},{\"@type\":\"BreadcrumbList\",\"@id\":\"https:\/\/www.mehlkammer.de\/mehlkammer\/festlichkeiten\/#breadcrumb\",\"itemListElement\":[{\"@type\":\"ListItem\",\"position\":1,\"name\":\"Home\",\"item\":\"https:\/\/www.mehlkammer.de\/mehlkammer\/\"},{\"@type\":\"ListItem\",\"position\":2,\"name\":\"Festlichkeiten\"}]},{\"@type\":\"WebSite\",\"@id\":\"https:\/\/www.mehlkammer.de\/mehlkammer\/#website\",\"url\":\"https:\/\/www.mehlkammer.de\/mehlkammer\/\",\"name\":\"\",\"description\":\"\",\"potentialAction\":[{\"@type\":\"SearchAction\",\"target\":{\"@type\":\"EntryPoint\",\"urlTemplate\":\"https:\/\/www.mehlkammer.de\/mehlkammer\/?s={search_term_string}\"},\"query-input\":\"required name=search_term_string\"}],\"inLanguage\":\"de\"}]}<\/script>\n<!-- \/ Yoast SEO plugin. -->","yoast_head_json":{"title":"Festlichkeiten - Die Mehlkammer","description":"Festlichkeiten aller Art geboten: in den geschmackvollen R\u00e4umen der Mehlkammer - Hofcaf\u00e9 und Restaurant finden bis zu 70 Personen Platz.","robots":{"index":"index","follow":"follow","max-snippet":"max-snippet:-1","max-image-preview":"max-image-preview:large","max-video-preview":"max-video-preview:-1"},"canonical":"https:\/\/www.mehlkammer.de\/mehlkammer\/festlichkeiten\/","og_locale":"de_DE","og_type":"article","og_title":"Festlichkeiten - Die Mehlkammer","og_description":"Festlichkeiten aller Art geboten: in den geschmackvollen R\u00e4umen der Mehlkammer - Hofcaf\u00e9 und Restaurant finden bis zu 70 Personen Platz.","og_url":"https:\/\/www.mehlkammer.de\/mehlkammer\/festlichkeiten\/","article_modified_time":"2015-02-02T10:07:00+00:00","og_image":[{"width":2000,"height":925,"url":"https:\/\/www.mehlkammer.de\/mehlkammer\/wp-content\/uploads\/2015\/02\/slider_food1.jpg","type":"image\/jpeg"}],"twitter_misc":{"Gesch\u00e4tzte Lesezeit":"1\u00a0Minute"},"schema":{"@context":"https:\/\/schema.org","@graph":[{"@type":"WebPage","@id":"https:\/\/www.mehlkammer.de\/mehlkammer\/festlichkeiten\/","url":"https:\/\/www.mehlkammer.de\/mehlkammer\/festlichkeiten\/","name":"Festlichkeiten - Die Mehlkammer","isPartOf":{"@id":"https:\/\/www.mehlkammer.de\/mehlkammer\/#website"},"datePublished":"2014-02-07T14:11:40+00:00","dateModified":"2015-02-02T10:07:00+00:00","description":"Festlichkeiten aller Art geboten: in den geschmackvollen R\u00e4umen der Mehlkammer - Hofcaf\u00e9 und Restaurant finden bis zu 70 Personen Platz.","breadcrumb":{"@id":"https:\/\/www.mehlkammer.de\/mehlkammer\/festlichkeiten\/#breadcrumb"},"inLanguage":"de","potentialAction":[{"@type":"ReadAction","target":["https:\/\/www.mehlkammer.de\/mehlkammer\/festlichkeiten\/"]}]},{"@type":"BreadcrumbList","@id":"https:\/\/www.mehlkammer.de\/mehlkammer\/festlichkeiten\/#breadcrumb","itemListElement":[{"@type":"ListItem","position":1,"name":"Home","item":"https:\/\/www.mehlkammer.de\/mehlkammer\/"},{"@type":"ListItem","position":2,"name":"Festlichkeiten"}]},{"@type":"WebSite","@id":"https:\/\/www.mehlkammer.de\/mehlkammer\/#website","url":"https:\/\/www.mehlkammer.de\/mehlkammer\/","name":"","description":"","potentialAction":[{"@type":"SearchAction","target":{"@type":"EntryPoint","urlTemplate":"https:\/\/www.mehlkammer.de\/mehlkammer\/?s={search_term_string}"},"query-input":"required name=search_term_string"}],"inLanguage":"de"}]}},"_links":{"self":[{"href":"https:\/\/www.mehlkammer.de\/mehlkammer\/wp-json\/wp\/v2\/pages\/184"}],"collection":[{"href":"https:\/\/www.mehlkammer.de\/mehlkammer\/wp-json\/wp\/v2\/pages"}],"about":[{"href":"https:\/\/www.mehlkammer.de\/mehlkammer\/wp-json\/wp\/v2\/types\/page"}],"author":[{"embeddable":true,"href":"https:\/\/www.mehlkammer.de\/mehlkammer\/wp-json\/wp\/v2\/users\/4"}],"replies":[{"embeddable":true,"href":"https:\/\/www.mehlkammer.de\/mehlkammer\/wp-json\/wp\/v2\/comments?post=184"}],"version-history":[{"count":0,"href":"https:\/\/www.mehlkammer.de\/mehlkammer\/wp-json\/wp\/v2\/pages\/184\/revisions"}],"wp:featuredmedia":[{"embeddable":true,"href":"https:\/\/www.mehlkammer.de\/mehlkammer\/wp-json\/wp\/v2\/media\/1007"}],"wp:attachment":[{"href":"https:\/\/www.mehlkammer.de\/mehlkammer\/wp-json\/wp\/v2\/media?parent=184"}],"curies":[{"name":"wp","href":"https:\/\/api.w.org\/{rel}","templated":true}]}}