{"id":20,"date":"2012-10-26T15:19:19","date_gmt":"2012-10-26T13:19:19","guid":{"rendered":"http:\/\/themichaelgarcia.com\/white-rock\/?page_id=20"},"modified":"2023-11-01T10:05:20","modified_gmt":"2023-11-01T08:05:20","slug":"unsere-speisekarte","status":"publish","type":"page","link":"https:\/\/www.mehlkammer.de\/mehlkammer\/homepage\/unsere-speisekarte\/","title":{"rendered":"Unsere Speisekarte"},"content":{"rendered":"<p>Herzhafte Gerichte nach l\u00e4ndlichen Rezepten sowie feinste Backwaren mit hofeigenen Fr\u00fcchten der exzellenten K\u00fcche der Mehlkammer bezaubern den Gaumen auf h\u00f6chstem Niveau.<\/p>\n<span><a href=\"https:\/\/www.mehlkammer.de\/mehlkammer\/speisekarte\" target=\"_Self\" class=\"progression-medium progression-red\">Zu unserer Speisekarte &gt;<\/a><\/span>\n","protected":false},"excerpt":{"rendered":"<p>Herzhafte Gerichte nach l\u00e4ndlichen Rezepten sowie feinste Backwaren mit hofeigenen Fr\u00fcchten der exzellenten K\u00fcche der Mehlkammer bezaubern den Gaumen auf h\u00f6chstem Niveau.<\/p>\n","protected":false},"author":4,"featured_media":234,"parent":9,"menu_order":4,"comment_status":"open","ping_status":"closed","template":"","meta":[],"yoast_head":"<!-- This site is optimized with the Yoast SEO plugin v20.0 - https:\/\/yoast.com\/wordpress\/plugins\/seo\/ -->\n<title>Speisekarte - Die Mehlkammer<\/title>\n<meta name=\"description\" content=\"Hier finden Sie eine \u00dcbersicht aller l\u00e4ndlichen Spezialit\u00e4ten aus hofeigenen Produkten wie Spargel, Erdbeeren, Heidelbeeren oder Kirschen.\" \/>\n<meta name=\"robots\" content=\"index, follow, max-snippet:-1, max-image-preview:large, max-video-preview:-1\" \/>\n<link rel=\"canonical\" href=\"https:\/\/www.mehlkammer.de\/mehlkammer\/homepage\/unsere-speisekarte\/\" \/>\n<meta property=\"og:locale\" content=\"de_DE\" \/>\n<meta property=\"og:type\" content=\"article\" \/>\n<meta property=\"og:title\" content=\"Speisekarte - Die Mehlkammer\" \/>\n<meta property=\"og:description\" content=\"Hier finden Sie eine \u00dcbersicht aller l\u00e4ndlichen Spezialit\u00e4ten aus hofeigenen Produkten wie Spargel, Erdbeeren, Heidelbeeren oder Kirschen.\" \/>\n<meta property=\"og:url\" content=\"https:\/\/www.mehlkammer.de\/mehlkammer\/homepage\/unsere-speisekarte\/\" \/>\n<meta property=\"article:modified_time\" content=\"2023-11-01T08:05:20+00:00\" \/>\n<meta property=\"og:image\" content=\"https:\/\/www.mehlkammer.de\/mehlkammer\/wp-content\/uploads\/2012\/10\/welcome_1.png\" \/>\n\t<meta property=\"og:image:width\" content=\"600\" \/>\n\t<meta property=\"og:image:height\" content=\"280\" \/>\n\t<meta property=\"og:image:type\" content=\"image\/png\" \/>\n<meta name=\"twitter:label1\" content=\"Gesch\u00e4tzte Lesezeit\" \/>\n\t<meta name=\"twitter:data1\" content=\"1\u00a0Minute\" \/>\n<script type=\"application\/ld+json\" class=\"yoast-schema-graph\">{\"@context\":\"https:\/\/schema.org\",\"@graph\":[{\"@type\":\"WebPage\",\"@id\":\"https:\/\/www.mehlkammer.de\/mehlkammer\/homepage\/unsere-speisekarte\/\",\"url\":\"https:\/\/www.mehlkammer.de\/mehlkammer\/homepage\/unsere-speisekarte\/\",\"name\":\"Speisekarte - Die Mehlkammer\",\"isPartOf\":{\"@id\":\"https:\/\/www.mehlkammer.de\/mehlkammer\/#website\"},\"datePublished\":\"2012-10-26T13:19:19+00:00\",\"dateModified\":\"2023-11-01T08:05:20+00:00\",\"description\":\"Hier finden Sie eine \u00dcbersicht aller l\u00e4ndlichen Spezialit\u00e4ten aus hofeigenen Produkten wie Spargel, Erdbeeren, Heidelbeeren oder Kirschen.\",\"breadcrumb\":{\"@id\":\"https:\/\/www.mehlkammer.de\/mehlkammer\/homepage\/unsere-speisekarte\/#breadcrumb\"},\"inLanguage\":\"de\",\"potentialAction\":[{\"@type\":\"ReadAction\",\"target\":[\"https:\/\/www.mehlkammer.de\/mehlkammer\/homepage\/unsere-speisekarte\/\"]}]},{\"@type\":\"BreadcrumbList\",\"@id\":\"https:\/\/www.mehlkammer.de\/mehlkammer\/homepage\/unsere-speisekarte\/#breadcrumb\",\"itemListElement\":[{\"@type\":\"ListItem\",\"position\":1,\"name\":\"Home\",\"item\":\"https:\/\/www.mehlkammer.de\/mehlkammer\/\"},{\"@type\":\"ListItem\",\"position\":2,\"name\":\"Home\",\"item\":\"https:\/\/www.mehlkammer.de\/mehlkammer\/\"},{\"@type\":\"ListItem\",\"position\":3,\"name\":\"Unsere Speisekarte\"}]},{\"@type\":\"WebSite\",\"@id\":\"https:\/\/www.mehlkammer.de\/mehlkammer\/#website\",\"url\":\"https:\/\/www.mehlkammer.de\/mehlkammer\/\",\"name\":\"\",\"description\":\"\",\"potentialAction\":[{\"@type\":\"SearchAction\",\"target\":{\"@type\":\"EntryPoint\",\"urlTemplate\":\"https:\/\/www.mehlkammer.de\/mehlkammer\/?s={search_term_string}\"},\"query-input\":\"required name=search_term_string\"}],\"inLanguage\":\"de\"}]}<\/script>\n<!-- \/ Yoast SEO plugin. -->","yoast_head_json":{"title":"Speisekarte - Die Mehlkammer","description":"Hier finden Sie eine \u00dcbersicht aller l\u00e4ndlichen Spezialit\u00e4ten aus hofeigenen Produkten wie Spargel, Erdbeeren, Heidelbeeren oder Kirschen.","robots":{"index":"index","follow":"follow","max-snippet":"max-snippet:-1","max-image-preview":"max-image-preview:large","max-video-preview":"max-video-preview:-1"},"canonical":"https:\/\/www.mehlkammer.de\/mehlkammer\/homepage\/unsere-speisekarte\/","og_locale":"de_DE","og_type":"article","og_title":"Speisekarte - Die Mehlkammer","og_description":"Hier finden Sie eine \u00dcbersicht aller l\u00e4ndlichen Spezialit\u00e4ten aus hofeigenen Produkten wie Spargel, Erdbeeren, Heidelbeeren oder Kirschen.","og_url":"https:\/\/www.mehlkammer.de\/mehlkammer\/homepage\/unsere-speisekarte\/","article_modified_time":"2023-11-01T08:05:20+00:00","og_image":[{"width":600,"height":280,"url":"https:\/\/www.mehlkammer.de\/mehlkammer\/wp-content\/uploads\/2012\/10\/welcome_1.png","type":"image\/png"}],"twitter_misc":{"Gesch\u00e4tzte Lesezeit":"1\u00a0Minute"},"schema":{"@context":"https:\/\/schema.org","@graph":[{"@type":"WebPage","@id":"https:\/\/www.mehlkammer.de\/mehlkammer\/homepage\/unsere-speisekarte\/","url":"https:\/\/www.mehlkammer.de\/mehlkammer\/homepage\/unsere-speisekarte\/","name":"Speisekarte - Die Mehlkammer","isPartOf":{"@id":"https:\/\/www.mehlkammer.de\/mehlkammer\/#website"},"datePublished":"2012-10-26T13:19:19+00:00","dateModified":"2023-11-01T08:05:20+00:00","description":"Hier finden Sie eine \u00dcbersicht aller l\u00e4ndlichen Spezialit\u00e4ten aus hofeigenen Produkten wie Spargel, Erdbeeren, Heidelbeeren oder Kirschen.","breadcrumb":{"@id":"https:\/\/www.mehlkammer.de\/mehlkammer\/homepage\/unsere-speisekarte\/#breadcrumb"},"inLanguage":"de","potentialAction":[{"@type":"ReadAction","target":["https:\/\/www.mehlkammer.de\/mehlkammer\/homepage\/unsere-speisekarte\/"]}]},{"@type":"BreadcrumbList","@id":"https:\/\/www.mehlkammer.de\/mehlkammer\/homepage\/unsere-speisekarte\/#breadcrumb","itemListElement":[{"@type":"ListItem","position":1,"name":"Home","item":"https:\/\/www.mehlkammer.de\/mehlkammer\/"},{"@type":"ListItem","position":2,"name":"Home","item":"https:\/\/www.mehlkammer.de\/mehlkammer\/"},{"@type":"ListItem","position":3,"name":"Unsere Speisekarte"}]},{"@type":"WebSite","@id":"https:\/\/www.mehlkammer.de\/mehlkammer\/#website","url":"https:\/\/www.mehlkammer.de\/mehlkammer\/","name":"","description":"","potentialAction":[{"@type":"SearchAction","target":{"@type":"EntryPoint","urlTemplate":"https:\/\/www.mehlkammer.de\/mehlkammer\/?s={search_term_string}"},"query-input":"required name=search_term_string"}],"inLanguage":"de"}]}},"_links":{"self":[{"href":"https:\/\/www.mehlkammer.de\/mehlkammer\/wp-json\/wp\/v2\/pages\/20"}],"collection":[{"href":"https:\/\/www.mehlkammer.de\/mehlkammer\/wp-json\/wp\/v2\/pages"}],"about":[{"href":"https:\/\/www.mehlkammer.de\/mehlkammer\/wp-json\/wp\/v2\/types\/page"}],"author":[{"embeddable":true,"href":"https:\/\/www.mehlkammer.de\/mehlkammer\/wp-json\/wp\/v2\/users\/4"}],"replies":[{"embeddable":true,"href":"https:\/\/www.mehlkammer.de\/mehlkammer\/wp-json\/wp\/v2\/comments?post=20"}],"version-history":[{"count":4,"href":"https:\/\/www.mehlkammer.de\/mehlkammer\/wp-json\/wp\/v2\/pages\/20\/revisions"}],"predecessor-version":[{"id":1884,"href":"https:\/\/www.mehlkammer.de\/mehlkammer\/wp-json\/wp\/v2\/pages\/20\/revisions\/1884"}],"up":[{"embeddable":true,"href":"https:\/\/www.mehlkammer.de\/mehlkammer\/wp-json\/wp\/v2\/pages\/9"}],"wp:featuredmedia":[{"embeddable":true,"href":"https:\/\/www.mehlkammer.de\/mehlkammer\/wp-json\/wp\/v2\/media\/234"}],"wp:attachment":[{"href":"https:\/\/www.mehlkammer.de\/mehlkammer\/wp-json\/wp\/v2\/media?parent=20"}],"curies":[{"name":"wp","href":"https:\/\/api.w.org\/{rel}","templated":true}]}}