{"id":333,"date":"2014-02-11T12:57:02","date_gmt":"2014-02-11T10:57:02","guid":{"rendered":"http:\/\/www.mehlkammer.de\/mehlkammer\/?page_id=333"},"modified":"2018-05-25T14:07:46","modified_gmt":"2018-05-25T12:07:46","slug":"impressum-und-datenschutz","status":"publish","type":"page","link":"https:\/\/www.mehlkammer.de\/mehlkammer\/impressum-und-datenschutz\/","title":{"rendered":"Impressum &#038; Datenschutz"},"content":{"rendered":"<div>\n<div>\n<div>\n<div>\n<div>\n<p><strong>Conrad Hogrefe<br \/>\n<\/strong><\/p>\n<div>Walsroder Stra\u00dfe 9<br \/>\n29693 Eickeloh<\/div>\n<div>Tel. 05164 612<\/div>\n<div>Fax 05164 2648<\/div>\n<div>info@mehlkammer.de<\/div>\n<div><\/div>\n<\/div>\n<\/div>\n<\/div>\n<div><\/div>\n<div>\n<div>\n<div>\n<h4><\/h4>\n<h3><strong>Datenschutz<\/strong><\/h3>\n<p>Wir freuen uns \u00fcber Ihren Besuch auf unserer Webseite. Da uns wichtig ist, dass Sie sich bei dem Besuch unserer Webseite sicher und wohl f\u00fchlen und der Schutz Ihrer Privatsph\u00e4re f\u00fcr uns einen hohen Stellenwert besitzt, m\u00f6chten wir Sie im Folgenden \u00fcber unsere Handhabung der Erhebung, Verwendung und Weitergabe von pers\u00f6nlichen Daten gem\u00e4\u00df Art. 13 Datenschutzgrundverordnung (DSGVO) informieren.<\/p>\n<p>Pers\u00f6nliche Daten werden nur im Rahmen der gesetzlichen Bestimmungen erhoben, verarbeitet und genutzt.\u2028 Diese Datenschutzerkl\u00e4rung gilt ausschlie\u00dflich f\u00fcr die Nutzung der von dem Betreiber angebotenen Internetauftritte. Sie gilt nicht f\u00fcr die Internetauftritte anderer Dienstanbieter, auf die durch einen Link verwiesen wird. Bei der Nutzung des Internetauftrittes bleibt der Nutzer anonym, solange er dem Betreiber nicht von sich selbst aus freiwillig personenbezogene Daten zur Verf\u00fcgung stellt. Personenbezogene Daten werden nur dann erhoben, wenn dies f\u00fcr die Nutzung der auf dem Internetauftritt angebotenen Leistungen, insbesondere Formularangebote und Kommentarfunktionen, erforderlich ist.\u2028Pers\u00f6nliche, zur Verf\u00fcgung gestellte Daten werden streng vertraulich behandelt. Ohne ausdr\u00fcckliche Einwilligung werden keine pers\u00f6nlichen Daten weitergegeben, es sei denn, der Betreiber des Internetauftrittes ist rechtlich dazu verpflichtet. Es wird darauf hingewiesen, dass es bei der \u00dcbermittlung von Daten im Internet immer dazu kommen kann, dass Dritte pers\u00f6nliche Daten zur Kenntnis nehmen oder verf\u00e4lschen.\u2028 Sofern es verlangt wird, gew\u00e4hren wir Ihnen Einblick in die \u00fcber Sie gespeicherten Daten. L\u00f6schung ist m\u00f6glich. Wenn Sie Daten berichtigen, l\u00f6schen oder einsehen wollen, gen\u00fcgt hierf\u00fcr ein Schreiben an die im Impressum angegebene Adresse.<\/p>\n<h3><strong>Kontakt<\/strong><\/h3>\n<p>Angaben, die Sie uns im Rahmen der Kontaktaufnahme mitteilen, verwenden wir auf Grundlage von Art. 6 Abs. 1 lit. b DSGVO bzw. Art. 6 Abs. 1 lit. f DSGVO in dem Interesse Ihre Anfrage m\u00f6glichst unkompliziert, schnell und kunden- bzw. nutzergerecht beantworten zu k\u00f6nnen. Die Daten werden nach 90 Tagen gel\u00f6scht. Eine Weitergabe an Dritte erfolgt nicht.<\/p>\n<h3><strong><span lang=\"EN-US\">Datenschutzerkl\u00e4rung f\u00fcr die Nutzung von Facebook-Plugins<\/span><\/strong><\/h3>\n<p>F\u00fcr diesen Internetauftritt sind Plugins des sozialen Netzwerks Facebook (Facebook Inc., 1601 Willow Road, Menlo Park, California, 94025, USA, facebook.com) integriert. Wenn dieser Internetauftritt aufgerufen wird, baut der Browser eine direkte Verbindung mit den Servern von Facebook auf. Der Inhalt wird von Facebook direkt an den Browser \u00fcbermittelt und von diesem in den Internetauftritt eingebunden. Durch die Einbindung des Plugins erh\u00e4lt Facebook die Information, dass die entsprechende Seite des Internetauftritts aufgerufen worden ist. Ist der Nutzer bei Facebook eingeloggt, kann Facebook den Besuch Ihrem Facebook-Konto zuordnen und Daten speichern.<\/p>\n<p><strong>Umfang der Datenerhebung und die weitere Verarbeitung der Daten durch Facebook sowie diesbez\u00fcglichen Rechte und Einstellungsm\u00f6glichkeiten zum Schutz der Privatsph\u00e4re werden den Facebook Datenschutzrichtlinien (<a href=\"http:\/\/www.facebook.com\/policy.php\">www.facebook.com\/policy.php<\/a>) entnommen.<\/strong><\/p>\n<h3 data-lineheight=\"30\" data-fontsize=\"20\"><strong><span lang=\"EN-US\">Weiterleitung auf andere Webseiten und soziale Netzwerke<\/span><\/strong><\/h3>\n<p>Auf unseren Webseiten finden Sie auch Links zu Webangeboten anderer Anbieter. Sie erkennen dies z.B. an einem Logo oder daran, dass sich ein neues Browserfenster \u00f6ffnet.<br \/>\nWir stellen uns auf Grundlage von Art. 6 Abs. 1 S. 1 lit. f DSGVO und dem Interesse der Nutzerbindung offiziell auf folgenden sozialen Netzwerke dar:<\/p>\n<h3><strong>Facebook-Seite<\/strong><\/h3>\n<p><strong>Wir betreiben unter der URL<a href=\"https:\/\/www.facebook.com\/Mehlkammer\/\">\u00a0https:\/\/www.facebook.com\/Mehlkammer\/<\/a> unsere offizielle Facebook-Seite.<\/strong><\/p>\n<p>Wir selbst erheben, speichern oder verarbeiten zu keiner Zeit personenbezogene Nutzerdaten auf diesen Seiten. Weiterhin werden keine sonstigen Datenverarbeitungen von uns vorgenommen oder initiiert. Die von Ihnen auf diesen Seiten eingegebenen Daten wie z.B. Kommentare, Videos oder Bilder, werden von uns zu keinem Zeitpunkt f\u00fcr andere Zwecke verwendet oder verarbeitet. Wir behalten uns lediglich vor, Inhalte zu l\u00f6schen, sofern dies erforderlich sein sollte. Es ist nicht ausgeschlossen, dass die sozialen Netzwerke sogenannte Webtracking-Methoden auf den Seiten einsetzen. Unter Umst\u00e4nden erfolgt ein Webtracking unabh\u00e4ngig davon, ob Sie bei dem sozialen Netzwerk angemeldet oder registriert sind. Wir k\u00f6nnen auf die Webtrackingmethoden der sozialen Netzwerke leider keinen Einfluss nehmen. Bitte seien Sie sich dar\u00fcber bewusst: Es kann nicht ausgeschlossen werden, dass soziale Netzwerke Ihre Profildaten nutzen, etwa um Ihre Gewohnheiten, pers\u00f6nlichen Beziehungen, Vorlieben usw. auszuwerten. Wir haben keinerlei Einfluss auf die Verarbeitung Ihrer Daten durch die sozialen Netzwerke.<\/p>\n<h3><strong>Cookies<\/strong><\/h3>\n<p>Auf unseren Webseiten nutzen wir Cookies. Cookies sind kleine Textdateien, die auf Ihrem Endger\u00e4t gespeichert und ausgelesen werden k\u00f6nnen. Man unterscheidet zwischen Session-Cookies, die wieder gel\u00f6scht werden, sobald Sie ihren Browser schlie\u00dfen und permanenten Cookies, die \u00fcber die einzelne Sitzung hinaus gespeichert werden. Cookies k\u00f6nnen Daten enthalten, die eine Wiedererkennung des genutzten Ger\u00e4ts m\u00f6glich machen. Teilweise enthalten Cookies aber auch lediglich Informationen zu bestimmten Einstellungen, die nicht personenbeziehbar sind.<\/p>\n<p>Die Verarbeitung erfolgt auf Grundlage von Art. 6 Abs. 1 lit. f DSGVO und in dem Interesse die Benutzerf\u00fchrung zu optimieren bzw. zu erm\u00f6glichen und die Darstellung unserer Webseite anzupassen.<\/p>\n<p>Sie k\u00f6nnen Ihren Browser so einstellen, dass er Sie \u00fcber die Platzierung von Cookies informiert. So wird der Gebrauch von Cookies f\u00fcr Sie transparent. Sie k\u00f6nnen Cookies zudem jederzeit \u00fcber die entsprechende Browsereinstellung l\u00f6schen und das Setzen neuer Cookies verhindern. Bitte beachten Sie, dass unsere Webseiten dann ggf. nicht optimal angezeigt werden und einige Funktionen technisch nicht mehr zur Verf\u00fcgung stehen.<\/p>\n<p><strong>Wir verwenden die folgenden Cookies von Drittanbietern:<\/strong><\/p>\n<h3><strong>Google Maps<\/strong><\/h3>\n<p>Diese Website benutzt Google Maps zur Darstellung eines Lageplanes. Google Maps wird von Google Inc., 1600 Amphitheatre Parkway, Mountain View, CA 94043, USA betrieben. Durch die Nutzung dieser Website erkl\u00e4ren Sie sich mit der Erfassung, Bearbeitung sowie der Nutzung der automatisch erhobenen sowie der von Ihnen eingegeben Daten durch Google, einer seiner Vertreter, oder Drittanbieter einverstanden.<\/p>\n<p><strong>Die Nutzungsbedingungen f\u00fcr Google Maps finden Sie unter\u00a0<a href=\"http:\/\/www.google.com\/intl\/de_de\/help\/terms_maps.html\">Nutzungsbedingungen f\u00fcr Google Maps<\/a>. Ausf\u00fchrliche Details finden Sie im Datenschutz-Center von google.de:\u00a0<a href=\"http:\/\/www.google.de\/intl\/de\/privacy\/\">Transparenz und Wahlm\u00f6glichkeiten<\/a>\u00a0sowie\u00a0<a href=\"http:\/\/www.google.de\/intl\/de\/privacy\/privacy-policy.html\">Datenschutzbestimmungen<\/a>.<\/strong><\/p>\n<h3><strong>Google Web Fonts<\/strong><\/h3>\n<p>Diese Webseite nutzt zur einheitlichen Darstellung Web Fonts, die von Google bereitgestellt werden. Beim Aufruf einer Seite l\u00e4dt Ihr Browser die ben\u00f6tigten Google Web Fonts in Ihren Browsercache, um Texte und Schriftarten korrekt anzuzeigen. Dabei wird Ihre IP-Adresse samt URL (Internetadresse) der bei uns aufgerufenen Internetseite, die Sie besucht haben, an einen Server der Firma Google \u00fcbertragen. Wenn Sie in Ihrem Google-Account eingeloggt sind, erm\u00f6glichen Sie Google, Ihr Surfverhalten direkt Ihrem pers\u00f6nlichen Profil zuzuordnen. Dies k\u00f6nnen Sie unter Umst\u00e4nden verhindern, indem Sie sich aus Ihrem Google-Account ausloggen.<\/p>\n<p><strong>Wenn Ihr Browser Web Fonts nicht unterst\u00fctzt, wird eine Standardschrift von Ihrem Computer genutzt. Google ist unter dem Privacy-Shield-Abkommen zertifiziert und bietet hierdurch eine Garantie, das europ\u00e4ische Datenschutzrecht einzuhalten (<a href=\"https:\/\/www.privacyshield.gov\/participant?id=a2zt000000001L5AAI&amp;status=Active\">https:\/\/www.privacyshield.gov\/participant?id=a2zt000000001L5AAI&amp;status=Active<\/a>).<\/strong><br \/>\n<strong> Weitere Informationen zu diesen Google Schriftarten finden Sie unter <a href=\"https:\/\/developers.google.com\/fonts\/faq\">https:\/\/developers.google.com\/fonts\/faq<\/a> und in der Datenschutzerkl\u00e4rung von Google unter <a href=\"https:\/\/www.google.com\/policies\/privacy\">https:\/\/www.google.com\/policies\/privacy<\/a><\/strong><\/p>\n<h3><strong>Reservierung<\/strong><\/h3>\n<p>Auf unserer Webseite verwenden wir ein Reservierungstool im Interesse des Kundenservices, um Reservierungen in unserem Hofcafe &amp; Restaurant vorzunehmen.<strong> Weitere Informationen finden Sie unter: <a href=\"https:\/\/resmio.com\/de\">https:\/\/resmio.com\/de <\/a><\/strong><\/p>\n<\/div>\n<p><strong>Quellverweis:<\/strong><br \/>\nExQuisine &#8211; Fotolia.de (Gr\u00fcnkohl)<br \/>\nHLPhoto &#8211; Fotolia.de (Gans)<\/p>\n<\/div>\n<\/div>\n<\/div>\n<\/div>\n","protected":false},"excerpt":{"rendered":"<p>Conrad Hogrefe Walsroder Stra\u00dfe 9 29693 Eickeloh Tel. 05164 612 Fax 05164 2648 info@mehlkammer.de Datenschutz Wir freuen uns \u00fcber Ihren Besuch auf unserer Webseite. Da uns wichtig ist, dass Sie sich bei dem Besuch unserer Webseite sicher und wohl f\u00fchlen und der Schutz Ihrer Privatsph\u00e4re f\u00fcr uns einen hohen Stellenwert besitzt, m\u00f6chten wir Sie im [&hellip;]<\/p>\n","protected":false},"author":4,"featured_media":1004,"parent":0,"menu_order":0,"comment_status":"open","ping_status":"open","template":"","meta":[],"yoast_head":"<!-- This site is optimized with the Yoast SEO plugin v20.0 - https:\/\/yoast.com\/wordpress\/plugins\/seo\/ -->\n<title>Impressum &amp; Datenschutz -<\/title>\n<meta name=\"robots\" content=\"index, follow, max-snippet:-1, max-image-preview:large, max-video-preview:-1\" \/>\n<link rel=\"canonical\" href=\"https:\/\/www.mehlkammer.de\/mehlkammer\/impressum-und-datenschutz\/\" \/>\n<meta property=\"og:locale\" content=\"de_DE\" \/>\n<meta property=\"og:type\" content=\"article\" \/>\n<meta property=\"og:title\" content=\"Impressum &amp; Datenschutz -\" \/>\n<meta property=\"og:description\" content=\"Conrad Hogrefe Walsroder Stra\u00dfe 9 29693 Eickeloh Tel. 05164 612 Fax 05164 2648 info@mehlkammer.de Datenschutz Wir freuen uns \u00fcber Ihren Besuch auf unserer Webseite. Da uns wichtig ist, dass Sie sich bei dem Besuch unserer Webseite sicher und wohl f\u00fchlen und der Schutz Ihrer Privatsph\u00e4re f\u00fcr uns einen hohen Stellenwert besitzt, m\u00f6chten wir Sie im [&hellip;]\" \/>\n<meta property=\"og:url\" content=\"https:\/\/www.mehlkammer.de\/mehlkammer\/impressum-und-datenschutz\/\" \/>\n<meta property=\"article:modified_time\" content=\"2018-05-25T12:07:46+00:00\" \/>\n<meta property=\"og:image\" content=\"https:\/\/www.mehlkammer.de\/mehlkammer\/wp-content\/uploads\/2015\/02\/mehlkammer_banner1.jpg\" \/>\n\t<meta property=\"og:image:width\" content=\"2000\" \/>\n\t<meta property=\"og:image:height\" content=\"925\" \/>\n\t<meta property=\"og:image:type\" content=\"image\/jpeg\" \/>\n<meta name=\"twitter:label1\" content=\"Gesch\u00e4tzte Lesezeit\" \/>\n\t<meta name=\"twitter:data1\" content=\"6\u00a0Minuten\" \/>\n<script type=\"application\/ld+json\" class=\"yoast-schema-graph\">{\"@context\":\"https:\/\/schema.org\",\"@graph\":[{\"@type\":\"WebPage\",\"@id\":\"https:\/\/www.mehlkammer.de\/mehlkammer\/impressum-und-datenschutz\/\",\"url\":\"https:\/\/www.mehlkammer.de\/mehlkammer\/impressum-und-datenschutz\/\",\"name\":\"Impressum & Datenschutz -\",\"isPartOf\":{\"@id\":\"https:\/\/www.mehlkammer.de\/mehlkammer\/#website\"},\"datePublished\":\"2014-02-11T10:57:02+00:00\",\"dateModified\":\"2018-05-25T12:07:46+00:00\",\"breadcrumb\":{\"@id\":\"https:\/\/www.mehlkammer.de\/mehlkammer\/impressum-und-datenschutz\/#breadcrumb\"},\"inLanguage\":\"de\",\"potentialAction\":[{\"@type\":\"ReadAction\",\"target\":[\"https:\/\/www.mehlkammer.de\/mehlkammer\/impressum-und-datenschutz\/\"]}]},{\"@type\":\"BreadcrumbList\",\"@id\":\"https:\/\/www.mehlkammer.de\/mehlkammer\/impressum-und-datenschutz\/#breadcrumb\",\"itemListElement\":[{\"@type\":\"ListItem\",\"position\":1,\"name\":\"Home\",\"item\":\"https:\/\/www.mehlkammer.de\/mehlkammer\/\"},{\"@type\":\"ListItem\",\"position\":2,\"name\":\"Impressum &#038; Datenschutz\"}]},{\"@type\":\"WebSite\",\"@id\":\"https:\/\/www.mehlkammer.de\/mehlkammer\/#website\",\"url\":\"https:\/\/www.mehlkammer.de\/mehlkammer\/\",\"name\":\"\",\"description\":\"\",\"potentialAction\":[{\"@type\":\"SearchAction\",\"target\":{\"@type\":\"EntryPoint\",\"urlTemplate\":\"https:\/\/www.mehlkammer.de\/mehlkammer\/?s={search_term_string}\"},\"query-input\":\"required name=search_term_string\"}],\"inLanguage\":\"de\"}]}<\/script>\n<!-- \/ Yoast SEO plugin. -->","yoast_head_json":{"title":"Impressum & Datenschutz -","robots":{"index":"index","follow":"follow","max-snippet":"max-snippet:-1","max-image-preview":"max-image-preview:large","max-video-preview":"max-video-preview:-1"},"canonical":"https:\/\/www.mehlkammer.de\/mehlkammer\/impressum-und-datenschutz\/","og_locale":"de_DE","og_type":"article","og_title":"Impressum & Datenschutz -","og_description":"Conrad Hogrefe Walsroder Stra\u00dfe 9 29693 Eickeloh Tel. 05164 612 Fax 05164 2648 info@mehlkammer.de Datenschutz Wir freuen uns \u00fcber Ihren Besuch auf unserer Webseite. Da uns wichtig ist, dass Sie sich bei dem Besuch unserer Webseite sicher und wohl f\u00fchlen und der Schutz Ihrer Privatsph\u00e4re f\u00fcr uns einen hohen Stellenwert besitzt, m\u00f6chten wir Sie im [&hellip;]","og_url":"https:\/\/www.mehlkammer.de\/mehlkammer\/impressum-und-datenschutz\/","article_modified_time":"2018-05-25T12:07:46+00:00","og_image":[{"width":2000,"height":925,"url":"https:\/\/www.mehlkammer.de\/mehlkammer\/wp-content\/uploads\/2015\/02\/mehlkammer_banner1.jpg","type":"image\/jpeg"}],"twitter_misc":{"Gesch\u00e4tzte Lesezeit":"6\u00a0Minuten"},"schema":{"@context":"https:\/\/schema.org","@graph":[{"@type":"WebPage","@id":"https:\/\/www.mehlkammer.de\/mehlkammer\/impressum-und-datenschutz\/","url":"https:\/\/www.mehlkammer.de\/mehlkammer\/impressum-und-datenschutz\/","name":"Impressum & Datenschutz -","isPartOf":{"@id":"https:\/\/www.mehlkammer.de\/mehlkammer\/#website"},"datePublished":"2014-02-11T10:57:02+00:00","dateModified":"2018-05-25T12:07:46+00:00","breadcrumb":{"@id":"https:\/\/www.mehlkammer.de\/mehlkammer\/impressum-und-datenschutz\/#breadcrumb"},"inLanguage":"de","potentialAction":[{"@type":"ReadAction","target":["https:\/\/www.mehlkammer.de\/mehlkammer\/impressum-und-datenschutz\/"]}]},{"@type":"BreadcrumbList","@id":"https:\/\/www.mehlkammer.de\/mehlkammer\/impressum-und-datenschutz\/#breadcrumb","itemListElement":[{"@type":"ListItem","position":1,"name":"Home","item":"https:\/\/www.mehlkammer.de\/mehlkammer\/"},{"@type":"ListItem","position":2,"name":"Impressum &#038; Datenschutz"}]},{"@type":"WebSite","@id":"https:\/\/www.mehlkammer.de\/mehlkammer\/#website","url":"https:\/\/www.mehlkammer.de\/mehlkammer\/","name":"","description":"","potentialAction":[{"@type":"SearchAction","target":{"@type":"EntryPoint","urlTemplate":"https:\/\/www.mehlkammer.de\/mehlkammer\/?s={search_term_string}"},"query-input":"required name=search_term_string"}],"inLanguage":"de"}]}},"_links":{"self":[{"href":"https:\/\/www.mehlkammer.de\/mehlkammer\/wp-json\/wp\/v2\/pages\/333"}],"collection":[{"href":"https:\/\/www.mehlkammer.de\/mehlkammer\/wp-json\/wp\/v2\/pages"}],"about":[{"href":"https:\/\/www.mehlkammer.de\/mehlkammer\/wp-json\/wp\/v2\/types\/page"}],"author":[{"embeddable":true,"href":"https:\/\/www.mehlkammer.de\/mehlkammer\/wp-json\/wp\/v2\/users\/4"}],"replies":[{"embeddable":true,"href":"https:\/\/www.mehlkammer.de\/mehlkammer\/wp-json\/wp\/v2\/comments?post=333"}],"version-history":[{"count":12,"href":"https:\/\/www.mehlkammer.de\/mehlkammer\/wp-json\/wp\/v2\/pages\/333\/revisions"}],"predecessor-version":[{"id":1377,"href":"https:\/\/www.mehlkammer.de\/mehlkammer\/wp-json\/wp\/v2\/pages\/333\/revisions\/1377"}],"wp:featuredmedia":[{"embeddable":true,"href":"https:\/\/www.mehlkammer.de\/mehlkammer\/wp-json\/wp\/v2\/media\/1004"}],"wp:attachment":[{"href":"https:\/\/www.mehlkammer.de\/mehlkammer\/wp-json\/wp\/v2\/media?parent=333"}],"curies":[{"name":"wp","href":"https:\/\/api.w.org\/{rel}","templated":true}]}}